{"id":4479,"date":"2024-04-13T23:41:52","date_gmt":"2024-04-13T23:41:52","guid":{"rendered":"https:\/\/www.studiogooddesign.com\/?page_id=4479"},"modified":"2025-07-22T06:42:08","modified_gmt":"2025-07-22T06:42:08","slug":"ekibimiz","status":"publish","type":"page","link":"https:\/\/www.studiogooddesign.com\/en\/ekibimiz\/","title":{"rendered":"Our team"},"content":{"rendered":"<div data-vc-full-width=\"true\" data-vc-full-width-init=\"false\" data-vc-stretch-content=\"true\" class=\"vc_row wpb_row vc_row-fluid vc_row-no-padding\"><div class=\"wpb_column vc_column_container vc_col-sm-12 \"><div class=\"vc_column-inner \"><div class=\"wpb_wrapper\"><\/div><\/div><\/div><\/div><div class=\"vc_row-full-width vc_clearfix\"><\/div><div class=\"vc_row wpb_row vc_row-fluid  margin-lg-70t margin-sm-50t\"><div class=\"wpb_column vc_column_container vc_col-sm-12 vc_col-lg-6 vc_col-md-6 vc_col-xs-12  margin-lg-65t margin-sm-10t\"><div class=\"vc_column-inner \"><div class=\"wpb_wrapper\">[vc_banner_title title=&#8221;EK\u0130B\u0130M\u0130Z&#8221; columns=&#8221;%5B%7B%7D%5D&#8221;][\/vc_banner_title]<\/div><\/div><\/div><div class=\"wpb_column vc_column_container vc_col-sm-12 vc_col-lg-6 vc_col-md-6 vc_col-xs-12  margin-lg-0t margin-sm-20t\"><div class=\"vc_column-inner \"><div class=\"wpb_wrapper\"><\/div><\/div><\/div><\/div><div class=\"vc_row wpb_row vc_row-fluid  margin-lg-55t margin-sm-20t\"><div class=\"wpb_column vc_column_container vc_col-sm-12 \"><div class=\"vc_column-inner \"><div class=\"wpb_wrapper\">[vc_headings subtitle=&#8221;EK\u0130B\u0130M\u0130Z&#8221;][\/vc_headings]<\/div><\/div><\/div><\/div><div class=\"vc_row wpb_row vc_row-fluid  margin-lg-40t margin-sm-20t\"><div class=\"wpb_column vc_column_container vc_col-sm-6 vc_col-lg-4 vc_col-md-4 vc_col-xs-12 \"><div class=\"vc_column-inner \"><div class=\"wpb_wrapper\">[vc_team team_style=&#8221;simple&#8221; image=&#8221;4523&#8243; name=&#8221;Ercan Oral&#8221; position=&#8221;KURUCU\/TASARIMCI&#8221; stroke_width=&#8221;15&#8243; height=&#8221;380&#8243; enable_animated=&#8221;true&#8221;]<\/div><\/div><\/div><div class=\"wpb_column vc_column_container vc_col-sm-6 vc_col-lg-4 vc_col-md-4 vc_col-xs-12 \"><div class=\"vc_column-inner \"><div class=\"wpb_wrapper\">[vc_team team_style=&#8221;simple&#8221; image=&#8221;4526&#8243; name=&#8221;Sema \u0130\u015fbilir&#8221; position=&#8221;\u0130\u00c7 M\u0130MAR&#8221; stroke_width=&#8221;15&#8243; height=&#8221;380&#8243; enable_animated=&#8221;true&#8221;]<\/div><\/div><\/div><div class=\"wpb_column vc_column_container vc_col-sm-6 vc_col-lg-4 vc_col-md-4 vc_col-xs-12 \"><div class=\"vc_column-inner \"><div class=\"wpb_wrapper\">[vc_team team_style=&#8221;simple&#8221; image=&#8221;4529&#8243; name=&#8221;Hazal Sevde Dursun&#8221; position=&#8221;M\u0130MAR&#8221; stroke_width=&#8221;15&#8243; height=&#8221;380&#8243; enable_animated=&#8221;true&#8221;]<\/div><\/div><\/div><div class=\"wpb_column vc_column_container vc_col-sm-6 vc_col-lg-4 vc_col-md-4 vc_col-xs-12 \"><div class=\"vc_column-inner \"><div class=\"wpb_wrapper\">[vc_team team_style=&#8221;simple&#8221; image=&#8221;4533&#8243; name=&#8221;\u015eevval Yaren I\u015f\u0131k&#8221; position=&#8221;\u0130\u00c7 M\u0130MAR&#8221; stroke_width=&#8221;15&#8243; height=&#8221;380&#8243; enable_animated=&#8221;true&#8221;][vc_team team_style=&#8221;simple&#8221; image=&#8221;10117&#8243; name=&#8221;Servet G\u00fcnay&#8221; position=&#8221;\u0130\u015e GEL\u0130\u015eT\u0130RME SORUMLUSU&#8221; stroke_width=&#8221;15&#8243; height=&#8221;380&#8243; enable_animated=&#8221;true&#8221;]<\/div><\/div><\/div><div class=\"wpb_column vc_column_container vc_col-sm-6 vc_col-lg-4 vc_col-md-4 vc_col-xs-12 \"><div class=\"vc_column-inner \"><div class=\"wpb_wrapper\">[vc_team team_style=&#8221;simple&#8221; image=&#8221;10356&#8243; name=&#8221;\u00d6zge Derinda\u011f&#8221; position=&#8221;\u0130\u00c7 M\u0130MAR&#8221; stroke_width=&#8221;15&#8243; height=&#8221;380&#8243; enable_animated=&#8221;true&#8221;][vc_team team_style=&#8221;simple&#8221; image=&#8221;4531&#8243; name=&#8221;Eren Oral&#8221; position=&#8221;\u0130\u015e GEL\u0130\u015eT\u0130RME Y\u00d6NET\u0130C\u0130S\u0130&#8221;]<\/div><\/div><\/div><div class=\"wpb_column vc_column_container vc_col-sm-6 vc_col-lg-4 vc_col-md-4 vc_col-xs-12 \"><div class=\"vc_column-inner \"><div class=\"wpb_wrapper\">[vc_team team_style=&#8221;simple&#8221; image=&#8221;10115&#8243; name=&#8221;Derya K\u0131z\u0131lkaya&#8221; position=&#8221;LONDRA TEMS\u0130LC\u0130S\u0130&#8221; stroke_width=&#8221;15&#8243; height=&#8221;380&#8243; enable_animated=&#8221;true&#8221;]<\/div><\/div><\/div><\/div>\n","protected":false},"excerpt":{"rendered":"[vc_banner_title title=\"EK\u0130B\u0130M\u0130Z\" columns=\"%5B%7B%7D%5D\"][\/vc_banner_title][vc_headings subtitle=\"EK\u0130B\u0130M\u0130Z\"][\/vc_headings][vc_team team_style=\"simple\" image=\"4523\" name=\"Ercan Oral\" position=\"KURUCU\/TASARIMCI\" stroke_width=\"15\" height=\"380\" enable_animated=\"true\"][vc_team team_style=\"simple\" image=\"4526\" name=\"Sema \u0130\u015fbilir\" position=\"\u0130\u00c7 M\u0130MAR\" stroke_width=\"15\" height=\"380\"","protected":false},"author":2,"featured_media":0,"parent":0,"menu_order":0,"comment_status":"closed","ping_status":"open","template":"","meta":{"_coblocks_attr":"","_coblocks_dimensions":"","_coblocks_responsive_height":"","_coblocks_accordion_ie_support":"","footnotes":""},"class_list":["post-4479","page","type-page","status-publish","hentry"],"_links":{"self":[{"href":"https:\/\/www.studiogooddesign.com\/en\/wp-json\/wp\/v2\/pages\/4479","targetHints":{"allow":["GET"]}}],"collection":[{"href":"https:\/\/www.studiogooddesign.com\/en\/wp-json\/wp\/v2\/pages"}],"about":[{"href":"https:\/\/www.studiogooddesign.com\/en\/wp-json\/wp\/v2\/types\/page"}],"author":[{"embeddable":true,"href":"https:\/\/www.studiogooddesign.com\/en\/wp-json\/wp\/v2\/users\/2"}],"replies":[{"embeddable":true,"href":"https:\/\/www.studiogooddesign.com\/en\/wp-json\/wp\/v2\/comments?post=4479"}],"version-history":[{"count":9,"href":"https:\/\/www.studiogooddesign.com\/en\/wp-json\/wp\/v2\/pages\/4479\/revisions"}],"predecessor-version":[{"id":10358,"href":"https:\/\/www.studiogooddesign.com\/en\/wp-json\/wp\/v2\/pages\/4479\/revisions\/10358"}],"wp:attachment":[{"href":"https:\/\/www.studiogooddesign.com\/en\/wp-json\/wp\/v2\/media?parent=4479"}],"curies":[{"name":"wp","href":"https:\/\/api.w.org\/{rel}","templated":true}]}}