{"id":2817,"date":"2017-01-03T16:40:21","date_gmt":"2017-01-03T16:40:21","guid":{"rendered":"http:\/\/prague.foxthemes.me\/?page_id=118"},"modified":"2025-06-30T12:34:56","modified_gmt":"2025-06-30T12:34:56","slug":"iletisim","status":"publish","type":"page","link":"https:\/\/www.studiogooddesign.com\/en\/iletisim\/","title":{"rendered":"Contact"},"content":{"rendered":"<div data-vc-full-width=\"true\" data-vc-full-width-init=\"false\" data-vc-stretch-content=\"true\" class=\"vc_row wpb_row vc_row-fluid vc_row-no-padding\"><div class=\"wpb_column vc_column_container vc_col-sm-12 \"><div class=\"vc_column-inner \"><div class=\"wpb_wrapper\"><\/div><\/div><\/div><\/div><div class=\"vc_row-full-width vc_clearfix\"><\/div><div data-vc-full-width=\"true\" data-vc-full-width-init=\"false\" data-vc-stretch-content=\"true\" class=\"vc_row wpb_row vc_row-fluid vc_row-no-padding\"><div class=\"wpb_column vc_column_container vc_col-sm-12 \"><div class=\"vc_column-inner \"><div class=\"wpb_wrapper\">[vc_banner_title title=&#8221;\u0130LET\u0130\u015e\u0130M&#8221; columns=&#8221;%5B%5D&#8221;][\/vc_banner_title]<\/div><\/div><\/div><\/div><div class=\"vc_row-full-width vc_clearfix\"><\/div><div class=\"vc_row wpb_row vc_row-fluid vc_row-o-equal-height vc_row-flex  margin-lg-35t margin-lg-140b margin-sm-20t margin-sm-70b\"><div class=\"wpb_column vc_column_container vc_col-sm-4 \"><div class=\"vc_column-inner \"><div class=\"wpb_wrapper\">[vc_address image=&#8221;666&#8243; separator=&#8221;true&#8221;]<\/p>\r\n<h6>Adres :<\/h6>\r\n<p>Fikirtepe Mahallesi H\u0131z\u0131r Bey Caddesi No:25 B Blok Kat:6 Daire No:41 Fortis Sinanl\u0131 Sitesi Kad\u0131k\u00f6y\/\u0130stanbul\/T\u00fcrkiye PK:34720<\/p>\r\n<p><!-- \/wp:post-content -->\u00a0<\/p>\r\n<!-- wp:heading {\"level\":6} -->\r\n<h6>Telefon\/ E mail :<\/h6>\r\n<!-- \/wp:heading -->\r\n<p>+90 545 125 18 46<\/p>\r\n<p><!-- \/wp:paragraph -->info@studiogooddesign.com<\/p>\r\n<p>[\/vc_address]<\/div><\/div><\/div><\/div><div class=\"vc_row wpb_row vc_row-fluid\"><div class=\"wpb_column vc_column_container vc_col-sm-12 \"><div class=\"vc_column-inner \"><div class=\"wpb_wrapper\"><div class=\"wpb_gmaps_widget wpb_content_element\"><div class=\"wpb_wrapper\"><div class=\"wpb_map_wraper\"><iframe src=\"https:\/\/www.google.com\/maps\/embed?pb=!1m18!1m12!1m3!1d3011.4800614419837!2d29.044458876424407!3d40.99286472037316!2m3!1f0!2f0!3f0!3m2!1i1024!2i768!4f13.1!3m3!1m2!1s0x14cac78a9ee8ef69%3A0xedd0029a7a5b6761!2zRm9ydGlzIFNpbmFubMSxIFllbmkgS2FkxLFrw7Z5!5e0!3m2!1str!2str!4v1741169471679!5m2!1str!2str\" width=\"600\" height=\"450\" style=\"border:0;\" allowfullscreen=\"\" loading=\"lazy\" referrerpolicy=\"no-referrer-when-downgrade\"><\/iframe><\/div><\/div><\/div><\/div><\/div><\/div><\/div>","protected":false},"excerpt":{"rendered":"[vc_banner_title title=\"\u0130LET\u0130\u015e\u0130M\" columns=\"%5B%5D\"][\/vc_banner_title][vc_address image=\"666\" separator=\"true\"] Adres : Fikirtepe Mahallesi H\u0131z\u0131r Bey Caddesi No:25 B Blok Kat:6 Daire No:41 Fortis Sinanl\u0131","protected":false},"author":2,"featured_media":0,"parent":0,"menu_order":0,"comment_status":"closed","ping_status":"closed","template":"","meta":{"_coblocks_attr":"","_coblocks_dimensions":"","_coblocks_responsive_height":"","_coblocks_accordion_ie_support":"","footnotes":""},"class_list":["post-2817","page","type-page","status-publish","hentry"],"_links":{"self":[{"href":"https:\/\/www.studiogooddesign.com\/en\/wp-json\/wp\/v2\/pages\/2817","targetHints":{"allow":["GET"]}}],"collection":[{"href":"https:\/\/www.studiogooddesign.com\/en\/wp-json\/wp\/v2\/pages"}],"about":[{"href":"https:\/\/www.studiogooddesign.com\/en\/wp-json\/wp\/v2\/types\/page"}],"author":[{"embeddable":true,"href":"https:\/\/www.studiogooddesign.com\/en\/wp-json\/wp\/v2\/users\/2"}],"replies":[{"embeddable":true,"href":"https:\/\/www.studiogooddesign.com\/en\/wp-json\/wp\/v2\/comments?post=2817"}],"version-history":[{"count":6,"href":"https:\/\/www.studiogooddesign.com\/en\/wp-json\/wp\/v2\/pages\/2817\/revisions"}],"predecessor-version":[{"id":5861,"href":"https:\/\/www.studiogooddesign.com\/en\/wp-json\/wp\/v2\/pages\/2817\/revisions\/5861"}],"wp:attachment":[{"href":"https:\/\/www.studiogooddesign.com\/en\/wp-json\/wp\/v2\/media?parent=2817"}],"curies":[{"name":"wp","href":"https:\/\/api.w.org\/{rel}","templated":true}]}}