{"id":2812,"date":"2017-01-04T11:08:18","date_gmt":"2017-01-04T11:08:18","guid":{"rendered":"http:\/\/prague.foxthemes.me\/?page_id=149"},"modified":"2025-06-30T12:35:25","modified_gmt":"2025-06-30T12:35:25","slug":"yapilan-isler","status":"publish","type":"page","link":"https:\/\/www.studiogooddesign.com\/en\/yapilan-isler\/","title":{"rendered":"Yap\u0131lan \u0130\u015fler"},"content":{"rendered":"<div data-vc-full-width=\"true\" data-vc-full-width-init=\"false\" data-vc-stretch-content=\"true\" class=\"vc_row wpb_row vc_row-fluid  margin-lg-145t margin-sm-100t\"><div class=\"wpb_column vc_column_container vc_col-sm-12 \"><div class=\"vc_column-inner vc_custom_1484671089132\"><div class=\"wpb_wrapper\">[vc_banner_title title=&#8221;Projelerimiz&#8221; columns=&#8221;%5B%7B%7D%5D&#8221;][\/vc_banner_title][vc_projects_posts templates=&#8221;masonry&#8221; post_type=&#8221;projects&#8221; total_columns=&#8221;prague_count_col4&#8243; gap_columns=&#8221;prague_gap_col35&#8243; image_original_size=&#8221;medium_large&#8221; filter_type=&#8221;location&#8221; filter=&#8221;enable&#8221; posts_per_page=&#8221;50&#8243; button_link_class=&#8221;prague-services-link a-btn-2 simple&#8221; button_span_class=&#8221;a-btn-line&#8221;]<\/div><\/div><\/div><\/div><div class=\"vc_row-full-width vc_clearfix\"><\/div>\n","protected":false},"excerpt":{"rendered":"[vc_banner_title title=\"Projelerimiz\" columns=\"%5B%7B%7D%5D\"][\/vc_banner_title][vc_projects_posts templates=\"masonry\" post_type=\"projects\" total_columns=\"prague_count_col4\" gap_columns=\"prague_gap_col35\" image_original_size=\"medium_large\" filter_type=\"location\" filter=\"enable\" posts_per_page=\"50\" button_link_class=\"prague-services-link a-btn-2 simple\" button_span_class=\"a-btn-line\"]","protected":false},"author":2,"featured_media":0,"parent":0,"menu_order":0,"comment_status":"closed","ping_status":"closed","template":"","meta":{"_coblocks_attr":"","_coblocks_dimensions":"","_coblocks_responsive_height":"","_coblocks_accordion_ie_support":"","footnotes":""},"class_list":["post-2812","page","type-page","status-publish","hentry"],"_links":{"self":[{"href":"https:\/\/www.studiogooddesign.com\/en\/wp-json\/wp\/v2\/pages\/2812","targetHints":{"allow":["GET"]}}],"collection":[{"href":"https:\/\/www.studiogooddesign.com\/en\/wp-json\/wp\/v2\/pages"}],"about":[{"href":"https:\/\/www.studiogooddesign.com\/en\/wp-json\/wp\/v2\/types\/page"}],"author":[{"embeddable":true,"href":"https:\/\/www.studiogooddesign.com\/en\/wp-json\/wp\/v2\/users\/2"}],"replies":[{"embeddable":true,"href":"https:\/\/www.studiogooddesign.com\/en\/wp-json\/wp\/v2\/comments?post=2812"}],"version-history":[{"count":3,"href":"https:\/\/www.studiogooddesign.com\/en\/wp-json\/wp\/v2\/pages\/2812\/revisions"}],"predecessor-version":[{"id":4374,"href":"https:\/\/www.studiogooddesign.com\/en\/wp-json\/wp\/v2\/pages\/2812\/revisions\/4374"}],"wp:attachment":[{"href":"https:\/\/www.studiogooddesign.com\/en\/wp-json\/wp\/v2\/media?parent=2812"}],"curies":[{"name":"wp","href":"https:\/\/api.w.org\/{rel}","templated":true}]}}